{"id":44,"date":"2013-09-10T21:06:52","date_gmt":"2013-09-10T19:06:52","guid":{"rendered":"http:\/\/burggrafweb.de\/?page_id=44"},"modified":"2016-01-07T17:11:23","modified_gmt":"2016-01-07T15:11:23","slug":"2013-august-italien","status":"publish","type":"page","link":"https:\/\/burggrafweb.de\/?page_id=44","title":{"rendered":"2013 August Italien"},"content":{"rendered":"<p>Hier eine \u00dcbersicht unserer Reiseroute in Italien.<br \/>\nDieses Mal hatten wir alle Campingpl\u00e4tze vorab reserviert, da es ja im August &#8211; und vor allen Dingen bis Ferragosto &#8211;<br \/>\ndoch immer sehr voll ist in Italien.<\/p>\n<p><a href=\"https:\/\/burggrafweb.de\/wp-content\/uploads\/2013\/09\/20130923-164223.jpg\"><img decoding=\"async\" class=\"alignnone size-full\" src=\"https:\/\/burggrafweb.de\/wp-content\/uploads\/2013\/09\/20130923-164223.jpg\" alt=\"20130923-164223.jpg\" \/><\/a><\/p>\n<p>Hier unsere Campingpl\u00e4tze:<\/p>\n<p>A) Start in Olching &#8211; kein CP aber sch\u00f6n zu wohnen \ud83d\ude42<\/p>\n<p>B) Umbrien:<br \/>\n<a href=\"http:\/\/www.campingilfalcone.com\/deutsch.htm\">Camping Il Falcone<\/a><br \/>\nTraumhafter kleiner CP unter Olivenb\u00e4umen. Der kleine Pool war bei 44 Grad etwas \u00fcberfordert,<br \/>\naber die Duschen waren sch\u00f6n erfrischend \ud83d\ude42<\/p>\n<p>C) Rom:<br \/>\n<a href=\"http:\/\/www.ecvacanze.it\/de\/camping\/camping-in-town\/roma-camping-village\/\">Stadt Camping in Rom<\/a><br \/>\nSehr sch\u00f6ner Stadt CP mit gro\u00dfem Pool. Der Bus nach Rom h\u00e4lt direkt vorm CP. Taxi in die Innenstadt f\u00fcr 15,- \u20ac<br \/>\nWer es etwas leiser haben will, sucht sich einen Stellplatz im unteren Bereich des CP (hinten wieder runter fahren).<\/p>\n<p>D) Golf von Neapel:<br \/>\n<a href=\"http:\/\/www.campingsantantonio.it\/\">Camping Sant Antonio<\/a><br \/>\nKleiner CP unter Zitronenb\u00e4umen. Sehr einfache Ausstattung aber daf\u00fcr direkt am Stadthafen.<br \/>\nIdeale Lage f\u00fcr Ausfl\u00fcge nach Neapel, Pompeji, Sorent und die Amalfi K\u00fcste<\/p>\n<p>E) Elba:<br \/>\n<a href=\"http:\/\/www.damario.it\/de\/index.htm\">Camping DaMario<\/a><br \/>\nSuper Tipp von Benny aus dem blacklandy Forum! Ein kleiner CP direkt in der Barbarossa Bucht.<br \/>\nAm CP befindet sich ein Restaurant &#8211; unbedingt die Fischsuppe probieren &#8211; ein Traum!<br \/>\nPorto Azzurro ist \u00fcber einen sch\u00f6nen K\u00fcstenwanderweg in ca. 20 min zu erreichen.<\/p>\n<p>F) Bardolino:<br \/>\n<a href=\"http:\/\/www.campingarda.it\/europa\/de\/camping.php\">Camping Europa<\/a><br \/>\nMittlerweile unser Favorit auf der Hin- oder R\u00fcckreise. Ideal f\u00fcr 2-3 Tage. Der CP liegt sehr stadtnah und\u00a0somit ist man in ein paar Minuten in Bardolino.<\/p>\n","protected":false},"excerpt":{"rendered":"<p>Hier eine \u00dcbersicht unserer Reiseroute in Italien. Dieses Mal hatten wir alle Campingpl\u00e4tze vorab reserviert, da es ja im August &#8211; und vor allen Dingen bis Ferragosto &#8211; doch immer sehr voll ist in Italien. Hier unsere Campingpl\u00e4tze: A) Start in Olching &#8211; kein CP aber sch\u00f6n zu wohnen \ud83d\ude42 B) Umbrien: Camping Il Falcone [&hellip;]<\/p>\n","protected":false},"author":1,"featured_media":0,"parent":743,"menu_order":0,"comment_status":"open","ping_status":"open","template":"","meta":{"footnotes":""},"class_list":["post-44","page","type-page","status-publish","hentry"],"_links":{"self":[{"href":"https:\/\/burggrafweb.de\/index.php?rest_route=\/wp\/v2\/pages\/44","targetHints":{"allow":["GET"]}}],"collection":[{"href":"https:\/\/burggrafweb.de\/index.php?rest_route=\/wp\/v2\/pages"}],"about":[{"href":"https:\/\/burggrafweb.de\/index.php?rest_route=\/wp\/v2\/types\/page"}],"author":[{"embeddable":true,"href":"https:\/\/burggrafweb.de\/index.php?rest_route=\/wp\/v2\/users\/1"}],"replies":[{"embeddable":true,"href":"https:\/\/burggrafweb.de\/index.php?rest_route=%2Fwp%2Fv2%2Fcomments&post=44"}],"version-history":[{"count":10,"href":"https:\/\/burggrafweb.de\/index.php?rest_route=\/wp\/v2\/pages\/44\/revisions"}],"predecessor-version":[{"id":746,"href":"https:\/\/burggrafweb.de\/index.php?rest_route=\/wp\/v2\/pages\/44\/revisions\/746"}],"up":[{"embeddable":true,"href":"https:\/\/burggrafweb.de\/index.php?rest_route=\/wp\/v2\/pages\/743"}],"wp:attachment":[{"href":"https:\/\/burggrafweb.de\/index.php?rest_route=%2Fwp%2Fv2%2Fmedia&parent=44"}],"curies":[{"name":"wp","href":"https:\/\/api.w.org\/{rel}","templated":true}]}}