{"id":703,"date":"2014-07-01T12:30:59","date_gmt":"2014-07-01T10:30:59","guid":{"rendered":"http:\/\/burggrafweb.de\/?page_id=703"},"modified":"2016-01-07T17:14:40","modified_gmt":"2016-01-07T15:14:40","slug":"2013-juni-schottland","status":"publish","type":"page","link":"https:\/\/burggrafweb.de\/?page_id=703","title":{"rendered":"2014 Juni Schottland"},"content":{"rendered":"<p>Endlich ging es mal wieder nach Schottland. Nach 2005 und 2011 nun das dritte Mal.<br \/>\nDiesmal wollten wir noch weiter westlich und nahmen uns gleich zu Beginn der Reise die<br \/>\n\u00e4u\u00dferen Hebriden vor (Vatersay &#8211; Barra &#8211; Uist &#8211; Harris &amp; Lewis).<br \/>\nIm Anschluss noch einen\u00a0kurzen Abstecher nach Edinburgh um dann gleich wieder\u00a0nach<br \/>\nWesten, auf eine Insel der inneren Hebriden &#8211; Islay -, zu fahren.<\/p>\n<p>Hier mehr Details zur Route und den Campingpl\u00e4tzen:<\/p>\n<p>Anreise Olching &#8211; Amsterdam (Tag 1 &#8211; 3):<\/p>\n<p><a href=\"https:\/\/burggrafweb.de\/wp-content\/uploads\/2014\/07\/00000-Route-Tag-1-3.jpg\"><img loading=\"lazy\" decoding=\"async\" class=\"alignnone size-full wp-image-707\" src=\"https:\/\/burggrafweb.de\/wp-content\/uploads\/2014\/07\/00000-Route-Tag-1-3.jpg\" alt=\"00000 Route Tag 1-3\" width=\"740\" height=\"698\" srcset=\"https:\/\/burggrafweb.de\/wp-content\/uploads\/2014\/07\/00000-Route-Tag-1-3.jpg 740w, https:\/\/burggrafweb.de\/wp-content\/uploads\/2014\/07\/00000-Route-Tag-1-3-300x282.jpg 300w, https:\/\/burggrafweb.de\/wp-content\/uploads\/2014\/07\/00000-Route-Tag-1-3-624x588.jpg 624w\" sizes=\"auto, (max-width: 740px) 100vw, 740px\" \/><\/a><\/p>\n<p>Bevor wir mit DFDS Seaways auf die F\u00e4hre von Ijmuiden nach Newcastle fuhren waren wir zuerst mal 2 Tage in Amsterdam unterwegs.<\/p>\n<p>Camping: <a title=\"Zeeburg\" href=\"http:\/\/www.campingzeeburg.nl\/index.php?page=campingplatz\" target=\"_blank\">Zeeburg<br \/>\n<\/a>Stadtnaher Camping mit guter \u00f6ffentlicher Anbindung (ca. 15 min. in die Innenstadt)<\/p>\n<p>Nach der \u00dcberfahrt nach Newcastle (Abfahrt 17.00 Uhr &#8211; Ankunft 9.00 Uhr), welche wir erstmals mit Hund machten, ging es sofort Richtung Westk\u00fcste um m\u00f6glichst schnell auf die \u00e4u\u00dferen Hebriden \u00fcberzusetzen. Bomba durfte die Nacht auf der F\u00e4hre im Auto bleiben und somit war die \u00dcberfahrt absolut unproblematisch.<\/p>\n<p>Tag 4 &#8211; 6:<\/p>\n<p><a href=\"https:\/\/burggrafweb.de\/wp-content\/uploads\/2014\/07\/00094-Route-Tag-4-6.jpg\"><img loading=\"lazy\" decoding=\"async\" class=\"alignnone size-full wp-image-708\" src=\"https:\/\/burggrafweb.de\/wp-content\/uploads\/2014\/07\/00094-Route-Tag-4-6.jpg\" alt=\"Route Tag 4-6\" width=\"911\" height=\"595\" srcset=\"https:\/\/burggrafweb.de\/wp-content\/uploads\/2014\/07\/00094-Route-Tag-4-6.jpg 911w, https:\/\/burggrafweb.de\/wp-content\/uploads\/2014\/07\/00094-Route-Tag-4-6-300x195.jpg 300w, https:\/\/burggrafweb.de\/wp-content\/uploads\/2014\/07\/00094-Route-Tag-4-6-624x407.jpg 624w\" sizes=\"auto, (max-width: 911px) 100vw, 911px\" \/><\/a><\/p>\n<p>wir blieben jeweils 1 Nacht in:<br \/>\nInveraray &#8211; <a href=\"http:\/\/www.argyllcaravanpark.com\/touring-holidays.html\" target=\"_blank\">Argyll Holiday Park<br \/>\n<\/a>Oban &#8211;\u00a0<a href=\"http:\/\/www.obancaravanpark.com\/\" target=\"_blank\">Camping Park<\/a><\/p>\n<p>Von Oban aus ging es mit der F\u00e4hre auf die \u00e4u\u00dferen Hebriden &#8211; Tag 6 &#8211; 13:<\/p>\n<p><a href=\"https:\/\/burggrafweb.de\/wp-content\/uploads\/2014\/07\/00187-Route-Tag-6-13.jpg\"><img loading=\"lazy\" decoding=\"async\" class=\"alignnone size-full wp-image-709\" src=\"https:\/\/burggrafweb.de\/wp-content\/uploads\/2014\/07\/00187-Route-Tag-6-13.jpg\" alt=\"Route Tag 6-13\" width=\"664\" height=\"791\" srcset=\"https:\/\/burggrafweb.de\/wp-content\/uploads\/2014\/07\/00187-Route-Tag-6-13.jpg 664w, https:\/\/burggrafweb.de\/wp-content\/uploads\/2014\/07\/00187-Route-Tag-6-13-251x300.jpg 251w, https:\/\/burggrafweb.de\/wp-content\/uploads\/2014\/07\/00187-Route-Tag-6-13-624x743.jpg 624w\" sizes=\"auto, (max-width: 664px) 100vw, 664px\" \/><\/a><\/p>\n<p>Auf Barra gibt es an der Westk\u00fcste einen traumhaft sch\u00f6nen kleinen Camping:<br \/>\n<a href=\"http:\/\/www.barracamping.co.uk\/\" target=\"_blank\">Borve Camping and Caravan Site<br \/>\n<\/a>Dort verbrachten wir 3 N\u00e4chte und entsprechend traumhafte Tage und erkundeten Barra und Vatersay.<\/p>\n<p>Wieder mal ging es auf die F\u00e4hre, weiter nach Norden, Richtung Eriskay, South und North Uist.<\/p>\n<p>Nach stinklangweiliger Fahrt durch trostlose Landstriche durchfuhren wir South Uist und Benbecula und trafen am Abend auf ein deutlich interessanteres North Uist.<\/p>\n<p>Camping\u00a0<span style=\"color: #666666;\"><a href=\"http:\/\/www.moorcroftholidays.co.uk\/\" target=\"_blank\">Moorcroft Holidays<\/a><br \/>\nDort wetterten wir eine st\u00fcrmische Nacht mit waagrechtem Regen ab und arbeiteten\u00a0uns am n\u00e4chsten Tag bei weiterem Regen und Nebel durch North Uist und die vielen Lochs.<\/span><\/p>\n<p>Weiter ging es dann nach Harris, wo uns eine andere Welt &#8211; eine sehr steinige Welt &#8211; erwartete. Da es immer noch regnete und in h\u00f6heren Lagen (so ab 100m \ud83d\ude42 ) immer wieder neblig wurde, war die Erkundung durch eine fast mystische Atmosph\u00e4re gepr\u00e4gt.<\/p>\n<p>&#8222;freies&#8220; Camping <a href=\"http:\/\/www.scottishcampingguide.com\/link.php?n=385&amp;c\" target=\"_blank\">Horgabost<\/a><br \/>\nTraumhaft sch\u00f6n in den D\u00fcnen gelegen.<\/p>\n<p>Auf Harris &amp; Lewis verbrachten wir dann noch ein paar Tage bei teils regnerischem, teils sonnigem Wetter. Bevor wir nach Ullapool \u00fcbersetzten verbrachten wir auch noch 2 N\u00e4chte\u00a0in Stornoway.<br \/>\nCamping <a href=\"http:\/\/www.laxdaleholidaypark.com\/\" target=\"_blank\">Laxdale Holiday Park<\/a><br \/>\nNicht wirklich ein sch\u00f6ner Campingplatz, aber ideal um die Fahrzeiten auf der Insel zu minimieren, da er mit Abstand die beste Ausgangslage hat.<\/p>\n<p>Tag 14 &#8211; 17:<\/p>\n<p><a href=\"https:\/\/burggrafweb.de\/wp-content\/uploads\/2014\/07\/00576-Route-Tag-14-17.jpg\"><img loading=\"lazy\" decoding=\"async\" class=\"alignnone size-full wp-image-713\" src=\"https:\/\/burggrafweb.de\/wp-content\/uploads\/2014\/07\/00576-Route-Tag-14-17.jpg\" alt=\"Route Tag 14-17\" width=\"715\" height=\"732\" srcset=\"https:\/\/burggrafweb.de\/wp-content\/uploads\/2014\/07\/00576-Route-Tag-14-17.jpg 715w, https:\/\/burggrafweb.de\/wp-content\/uploads\/2014\/07\/00576-Route-Tag-14-17-293x300.jpg 293w, https:\/\/burggrafweb.de\/wp-content\/uploads\/2014\/07\/00576-Route-Tag-14-17-624x638.jpg 624w\" sizes=\"auto, (max-width: 715px) 100vw, 715px\" \/><\/a><\/p>\n<p>Somit setzten wir nach 14 Tagen wieder auf das Mainland \u00fcber und landeten in Ullapool, wo wir uns auf ein Wiedersehen mit der netten, kleinen Hafenstadt freuten.<\/p>\n<p>Nach einer Nacht im <a href=\"http:\/\/www.broomfieldhp.com\/\">Broomfield Holiday\u00a0Park<\/a> ging es weiter zu &#8222;alten Bekannten&#8220;.<br \/>\nWir mussten einfach nochmal nach Applecross \u00fcber die traumhaft sch\u00f6ne K\u00fcstenstrasse.<\/p>\n<p>Eine Nacht noch hier\u00a0<a href=\"http:\/\/applecross.uk.com\/campsite\/\">Applecross Campsite <\/a>\u00a0und dann weiter \u00fcber den Pass Richtung Dalwhinnie und Pitlochry, <a href=\"http:\/\/www.fonab.co.uk\/caravans_Motor_Homes.php\" target=\"_blank\">Milton of Fonab Caravan Park<\/a>\u00a0(nicht ganz unser Geschmack, aber f\u00fcr eine Nacht OK)<\/p>\n<p>In Edinburgh trafen wir dann unsere Kinder und verbrachten dort gemeinsam ein paar Tage, bevor unser Sohn heim flog und wir uns mit unserer Tochter wieder Richtung Westk\u00fcste aufmachten.<\/p>\n<p>Tag 20\u00a0&#8211; 28:<\/p>\n<p><a href=\"https:\/\/burggrafweb.de\/wp-content\/uploads\/2014\/07\/00964-Route-Tag-20-28.jpg\"><img loading=\"lazy\" decoding=\"async\" class=\"alignnone size-large wp-image-714\" src=\"https:\/\/burggrafweb.de\/wp-content\/uploads\/2014\/07\/00964-Route-Tag-20-28-1024x453.jpg\" alt=\"Route Tag 20-28\" width=\"625\" height=\"276\" srcset=\"https:\/\/burggrafweb.de\/wp-content\/uploads\/2014\/07\/00964-Route-Tag-20-28-1024x453.jpg 1024w, https:\/\/burggrafweb.de\/wp-content\/uploads\/2014\/07\/00964-Route-Tag-20-28-300x132.jpg 300w, https:\/\/burggrafweb.de\/wp-content\/uploads\/2014\/07\/00964-Route-Tag-20-28-624x276.jpg 624w, https:\/\/burggrafweb.de\/wp-content\/uploads\/2014\/07\/00964-Route-Tag-20-28.jpg 1220w\" sizes=\"auto, (max-width: 625px) 100vw, 625px\" \/><\/a><\/p>\n<p>Wir \u00fcbernachteten\u00a0noch in Luss <a href=\"http:\/\/www.campingandcaravanningclub.co.uk\/campsites\/uk\/scotland\/nrglasgow\/luss\" target=\"_blank\">Camping and Caravaning Club Site<\/a>, sch\u00f6n gelegen am Loch Lommond,\u00a0und auf Kintyre im <a href=\"http:\/\/www.muasdaleholidays.com\/\" target=\"_blank\">Mousdale Holiday Park<\/a> bevor es (wieder mal mit der F\u00e4hre) nach Islay ging.<\/p>\n<p>Auf dieser wundersch\u00f6nen Insel verbrachten wir ein paar herrliche Tage auf der<br \/>\n<a href=\"http:\/\/www.kintrafarm.co.uk\/camping\/\" target=\"_blank\">Kintra Farm Campsite<\/a>\u00a0welche direkt am Strand in den D\u00fcnen ein paar Pl\u00e4tze zum \u00fcbernachten bietet.<\/p>\n<p>Zur\u00fcck ging es dann von Port Askaig wieder nach Kennagraig,<br \/>\num dann noch am gleichen Abend noch von Tarbert nach Portavadie Marina \u00fcberzusetzen.<br \/>\nIn Dunoon suchten wir uns noch einen Schlafplatz und am n\u00e4chsten Morgen ging es dann wieder zur\u00fcck Richtung Newcastle.<\/p>\n<p>Noch eine \u00dcbernachtung auf dem Weg (sehr netter kleiner Campingplatz) in Crocketford,<br \/>\n<a href=\"http:\/\/www.brandedleysholidaypark.com\/touring--camping-pitches.html\" target=\"_blank\">Brandedleys Holiday Park<\/a>, bevor es in Newcastle wieder auf die F\u00e4hre ging.<\/p>\n<p>Abfahrt 17.30 &#8211; Ankunft 9.30 in Ijmuiden und nach weiteren 800km waren wir wieder Zuhause.<\/p>\n<p>Wer es bis zum Schluss geschafft hat hier mitzulesen, der wird feststellen, dass dies mehr eine Auflistung von \u00dcbernachtungs-Orten und eine sehr grobe Routenbeschreibung ist.<br \/>\nDies stelle ich immer so auf die \u00dcbersichtsseite &#8211; Details zur Reise und dem Erlebten gibt&#8217;s nur im privaten Bereich und auch erst wenn Dani mal Lust findet es hier niederzuschreiben\u00a0<span style=\"line-height: 1.714285714; font-size: 1rem;\">\ud83d\ude42<\/span><\/p>\n<p>Viel Spa\u00df bei Deiner \/ Eurer Schottlandtour!<\/p>\n","protected":false},"excerpt":{"rendered":"<p>Endlich ging es mal wieder nach Schottland. Nach 2005 und 2011 nun das dritte Mal. Diesmal wollten wir noch weiter westlich und nahmen uns gleich zu Beginn der Reise die \u00e4u\u00dferen Hebriden vor (Vatersay &#8211; Barra &#8211; Uist &#8211; Harris &amp; Lewis). Im Anschluss noch einen\u00a0kurzen Abstecher nach Edinburgh um dann gleich wieder\u00a0nach Westen, auf [&hellip;]<\/p>\n","protected":false},"author":1,"featured_media":0,"parent":751,"menu_order":0,"comment_status":"open","ping_status":"open","template":"","meta":{"footnotes":""},"class_list":["post-703","page","type-page","status-publish","hentry"],"_links":{"self":[{"href":"https:\/\/burggrafweb.de\/index.php?rest_route=\/wp\/v2\/pages\/703","targetHints":{"allow":["GET"]}}],"collection":[{"href":"https:\/\/burggrafweb.de\/index.php?rest_route=\/wp\/v2\/pages"}],"about":[{"href":"https:\/\/burggrafweb.de\/index.php?rest_route=\/wp\/v2\/types\/page"}],"author":[{"embeddable":true,"href":"https:\/\/burggrafweb.de\/index.php?rest_route=\/wp\/v2\/users\/1"}],"replies":[{"embeddable":true,"href":"https:\/\/burggrafweb.de\/index.php?rest_route=%2Fwp%2Fv2%2Fcomments&post=703"}],"version-history":[{"count":18,"href":"https:\/\/burggrafweb.de\/index.php?rest_route=\/wp\/v2\/pages\/703\/revisions"}],"predecessor-version":[{"id":726,"href":"https:\/\/burggrafweb.de\/index.php?rest_route=\/wp\/v2\/pages\/703\/revisions\/726"}],"up":[{"embeddable":true,"href":"https:\/\/burggrafweb.de\/index.php?rest_route=\/wp\/v2\/pages\/751"}],"wp:attachment":[{"href":"https:\/\/burggrafweb.de\/index.php?rest_route=%2Fwp%2Fv2%2Fmedia&parent=703"}],"curies":[{"name":"wp","href":"https:\/\/api.w.org\/{rel}","templated":true}]}}